{"id":2105,"date":"2025-04-17T00:19:46","date_gmt":"2025-04-17T03:19:46","guid":{"rendered":"https:\/\/loja.amigomumu.com\/politica-de-privacidad\/"},"modified":"2025-04-17T00:39:41","modified_gmt":"2025-04-17T03:39:41","slug":"politica-de-privacidad","status":"publish","type":"page","link":"https:\/\/loja.amigomumu.com\/es\/politica-de-privacidad\/","title":{"rendered":"Pol\u00edtica de privacidad"},"content":{"rendered":"\t\t<div data-elementor-type=\"wp-page\" data-elementor-id=\"2105\" class=\"elementor elementor-2105 elementor-2082\" data-elementor-post-type=\"page\">\n\t\t\t\t<div data-particle_enable=\"false\" data-particle-mobile-disabled=\"false\" class=\"elementor-element elementor-element-a706f86 e-flex e-con-boxed e-con e-parent\" data-id=\"a706f86\" data-element_type=\"container\">\n\t\t\t\t\t<div class=\"e-con-inner\">\n\t\t\t\t<div class=\"elementor-element elementor-element-5a046e3 elementor-widget elementor-widget-text-editor\" data-id=\"5a046e3\" data-element_type=\"widget\" data-widget_type=\"text-editor.default\">\n\t\t\t\t<div class=\"elementor-widget-container\">\n\t\t\t\t\t\t\t\t\t<h2><span style=\"color: rgb(68, 68, 68);\">Pol\u00edtica de privacidad<\/span><\/h2><p><span style=\"color: rgb(68, 68, 68);\">Tu privacidad es importante para nosotros. Es pol\u00edtica de Loja <a href=\"https:\/\/loja.amigomumu.com\/es\/\">Amigo do Mumu respetar tu privacidad con respecto a cualquier informaci\u00f3n que podamos recopilar de ti a trav\u00e9s de nuestro sitio web Loja Amigo do Mumu<\/a>, y de otros sitios que poseamos y gestionemos. <\/span><\/p><p><span style=\"color: rgb(68, 68, 68);\">S\u00f3lo solicitamos informaci\u00f3n personal cuando realmente la necesitamos para prestarte un servicio. Lo hacemos por medios justos y legales, con tu conocimiento y consentimiento. Tambi\u00e9n te decimos por qu\u00e9 la recogemos y c\u00f3mo se utilizar\u00e1.  <\/span><\/p><p><span style=\"color: rgb(68, 68, 68);\">S\u00f3lo conservamos la informaci\u00f3n recopilada durante el tiempo necesario para prestar el servicio solicitado. Cuando almacenamos datos, los protegemos con medios comercialmente aceptables para evitar p\u00e9rdidas y robos, as\u00ed como el acceso, la divulgaci\u00f3n, la copia, el uso o la modificaci\u00f3n no autorizados. <\/span><\/p><p><span style=\"color: rgb(68, 68, 68);\">No compartimos informaci\u00f3n personal identificable p\u00fablicamente ni con terceros, excepto cuando lo exige la ley.<\/span><\/p><p><span style=\"color: rgb(68, 68, 68);\">Nuestro sitio web puede contener enlaces a sitios web externos no gestionados por nosotros. Ten en cuenta que no tenemos ning\u00fan control sobre el contenido y las pr\u00e1cticas de estos sitios y no podemos aceptar ninguna responsabilidad por sus respectivos contenidos. &nbsp;<\/span><a href=\"https:\/\/politicaprivacidade.com\/\" rel=\"noopener noreferrer\" target=\"_blank\" style=\"background-color: transparent; color: rgb(68, 68, 68);\">pol\u00edticas de privacidad<\/a><span style=\"color: rgb(68, 68, 68);\">.<\/span><\/p><p><span style=\"color: rgb(68, 68, 68);\">Eres libre de rechazar nuestra solicitud de informaci\u00f3n personal, entendiendo que es posible que no podamos prestarte algunos de los servicios que necesitas.<\/span><\/p><p><span style=\"color: rgb(68, 68, 68);\">Tu uso continuado de nuestro sitio web se considerar\u00e1 una aceptaci\u00f3n de nuestras pr\u00e1cticas en torno a la privacidad y la informaci\u00f3n personal. Si tienes alguna pregunta sobre c\u00f3mo tratamos los datos de los usuarios y la informaci\u00f3n personal, ponte en contacto con nosotros. <\/span><\/p><p><span style=\"color: rgb(68, 68, 68);\"><ul><li><span style=\"color: rgb(68, 68, 68);\">El servicio Google AdSense que utilizamos para publicar publicidad utiliza una cookie de DoubleClick para publicar anuncios m\u00e1s relevantes en la web y limitar el n\u00famero de veces que se te muestra un anuncio concreto.<\/span><\/li><li><span style=\"color: rgb(68, 68, 68);\">Para obtener m\u00e1s informaci\u00f3n sobre Google AdSense, consulta las preguntas frecuentes oficiales sobre privacidad de Google AdSense.<\/span><\/li><li><span style=\"color: rgb(68, 68, 68);\">Utilizamos anuncios para compensar los costes de funcionamiento de este sitio y proporcionar financiaci\u00f3n para futuros desarrollos. Las cookies de publicidad comportamental que utiliza este sitio est\u00e1n dise\u00f1adas para garantizar que se te proporcionen los anuncios m\u00e1s relevantes siempre que sea posible, rastreando de forma an\u00f3nima tus intereses y present\u00e1ndote cosas similares que puedan ser de tu inter\u00e9s. <\/span><\/li><li><span style=\"color: rgb(68, 68, 68);\">Varios socios se anuncian en nuestro nombre y las cookies de seguimiento de afiliados simplemente nos permiten ver si nuestros clientes han accedido al sitio a trav\u00e9s de uno de los sitios de nuestros socios, para que podamos acreditarlos adecuadamente y, en su caso, permitir a nuestros socios afiliados ofrecer cualquier promoci\u00f3n que pueda brindarte la oportunidad de realizar una compra.<\/span><\/li><\/ul><p><br><\/p><\/span><\/p><h3><span style=\"color: rgb(68, 68, 68);\">Compromiso del usuario<\/span><\/h3><p><span style=\"color: rgb(68, 68, 68);\">El usuario se compromete a hacer un uso adecuado de los contenidos e informaciones que Loja Amigo do Mumu ofrece en el sitio web, a t\u00edtulo enunciativo pero no limitativo:<\/span><\/p><ul><li><span style=\"color: rgb(68, 68, 68);\">A) No realices actividades ilegales o contrarias a la buena fe o al orden p\u00fablico;<\/span><\/li><li><span style=\"color: rgb(68, 68, 68);\">B) No difundas propaganda o contenidos de car\u00e1cter racista, xen\u00f3fobo, juegos de azar o apuestas, cualquier tipo de pornograf\u00eda ilegal, apolog\u00eda del terrorismo o contra los derechos humanos;<\/span><\/li><li><span style=\"color: rgb(68, 68, 68);\">C) No provocar da\u00f1os en los sistemas f\u00edsicos (hardware) y l\u00f3gicos (software) de Loja Amigo do Mumu, de sus proveedores o de terceras personas, introducir o difundir en la red virus inform\u00e1ticos o cualesquiera otros sistemas f\u00edsicos o l\u00f3gicos que sean susceptibles de provocar los da\u00f1os anteriormente mencionados.<\/span><\/li><\/ul><h3><span style=\"color: rgb(68, 68, 68);\">M\u00e1s informaci\u00f3n<\/span><\/h3><p><span style=\"color: rgb(68, 68, 68);\">Esperemos que esto se haya aclarado y, como se ha mencionado antes, si hay algo que no est\u00e1s seguro de si necesitas o no, generalmente es m\u00e1s seguro dejar las cookies activadas si interact\u00faas con una de las funciones que utilizas en nuestro sitio.<\/span><\/p><p><span style=\"color: rgb(68, 68, 68);\">Esta pol\u00edtica es efectiva desde el 17 de abril de 2025 03:20<\/span><\/p>\t\t\t\t\t\t\t\t<\/div>\n\t\t\t\t<\/div>\n\t\t\t\t\t<\/div>\n\t\t\t\t<\/div>\n\t\t\t\t<\/div>\n\t\t","protected":false},"excerpt":{"rendered":"<p>Pol\u00edtica de privacidad Tu privacidad es importante para nosotros. Es pol\u00edtica de Loja Amigo do Mumu respetar tu privacidad con respecto a cualquier informaci\u00f3n que podamos recopilar de ti a trav\u00e9s de nuestro sitio web Loja Amigo do Mumu, y de otros sitios que poseamos y gestionemos. S\u00f3lo solicitamos informaci\u00f3n personal cuando realmente la necesitamos [&hellip;]<\/p>\n","protected":false},"author":1,"featured_media":0,"parent":0,"menu_order":0,"comment_status":"closed","ping_status":"closed","template":"elementor_header_footer","meta":{"footnotes":""},"class_list":["post-2105","page","type-page","status-publish","hentry"],"_hostinger_reach_plugin_has_subscription_block":false,"_hostinger_reach_plugin_is_elementor":false,"jetpack_sharing_enabled":true,"_links":{"self":[{"href":"https:\/\/loja.amigomumu.com\/es\/wp-json\/wp\/v2\/pages\/2105","targetHints":{"allow":["GET"]}}],"collection":[{"href":"https:\/\/loja.amigomumu.com\/es\/wp-json\/wp\/v2\/pages"}],"about":[{"href":"https:\/\/loja.amigomumu.com\/es\/wp-json\/wp\/v2\/types\/page"}],"author":[{"embeddable":true,"href":"https:\/\/loja.amigomumu.com\/es\/wp-json\/wp\/v2\/users\/1"}],"replies":[{"embeddable":true,"href":"https:\/\/loja.amigomumu.com\/es\/wp-json\/wp\/v2\/comments?post=2105"}],"version-history":[{"count":1,"href":"https:\/\/loja.amigomumu.com\/es\/wp-json\/wp\/v2\/pages\/2105\/revisions"}],"predecessor-version":[{"id":2106,"href":"https:\/\/loja.amigomumu.com\/es\/wp-json\/wp\/v2\/pages\/2105\/revisions\/2106"}],"wp:attachment":[{"href":"https:\/\/loja.amigomumu.com\/es\/wp-json\/wp\/v2\/media?parent=2105"}],"curies":[{"name":"wp","href":"https:\/\/api.w.org\/{rel}","templated":true}]}}