{"id":2107,"date":"2025-04-17T00:19:54","date_gmt":"2025-04-17T03:19:54","guid":{"rendered":"https:\/\/loja.amigomumu.com\/condiciones-de-uso\/"},"modified":"2025-04-17T00:42:09","modified_gmt":"2025-04-17T03:42:09","slug":"condiciones-de-uso","status":"publish","type":"page","link":"https:\/\/loja.amigomumu.com\/es\/condiciones-de-uso\/","title":{"rendered":"Condiciones de uso"},"content":{"rendered":"\t\t<div data-elementor-type=\"wp-page\" data-elementor-id=\"2107\" class=\"elementor elementor-2107 elementor-2083\" data-elementor-post-type=\"page\">\n\t\t\t\t<div data-particle_enable=\"false\" data-particle-mobile-disabled=\"false\" class=\"elementor-element elementor-element-59a94ee e-flex e-con-boxed e-con e-parent\" data-id=\"59a94ee\" data-element_type=\"container\">\n\t\t\t\t\t<div class=\"e-con-inner\">\n\t\t\t\t<div class=\"elementor-element elementor-element-df02ffd elementor-widget elementor-widget-text-editor\" data-id=\"df02ffd\" data-element_type=\"widget\" data-widget_type=\"text-editor.default\">\n\t\t\t\t<div class=\"elementor-widget-container\">\n\t\t\t\t\t\t\t\t\t<h2><span style=\"color: rgb(68, 68, 68);\">1. condiciones<\/span><\/h2><p><span style=\"color: rgb(68, 68, 68);\">Al acceder al sitio web de <a href=\"https:\/\/loja.amigomumu.com\/es\/\">Loja Amigo do Mumu<\/a>, aceptas estar sujeto a estas condiciones de servicio, a todas las leyes y reglamentos aplicables, y aceptas que eres responsable del cumplimiento de cualquier ley local aplicable. Si no aceptas alguno de estos t\u00e9rminos, se te proh\u00edbe utilizar o acceder a este sitio. Los materiales contenidos en este sitio est\u00e1n protegidos por las leyes aplicables sobre derechos de autor y marcas registradas.  <\/span><\/p><h2><span style=\"color: rgb(68, 68, 68);\">2. Uso de la licencia<\/span><\/h2><p><span style=\"color: rgb(68, 68, 68);\">Se concede permiso para descargar temporalmente una copia de los materiales (informaci\u00f3n o software) del sitio web de Loja Amigo do Mumu s\u00f3lo para su visualizaci\u00f3n transitoria personal y no comercial. Se trata de la concesi\u00f3n de una licencia, no de una transferencia de titularidad, y en virtud de esta licencia no podr\u00e1s: &nbsp;<\/span><\/p><ol><li><span style=\"color: rgb(68, 68, 68);\">modificar o copiar los materiales;&nbsp;<\/span><\/li><li><span style=\"color: rgb(68, 68, 68);\">utilizar los materiales para cualquier fin comercial o para su exhibici\u00f3n p\u00fablica (comercial o no comercial);&nbsp;<\/span><\/li><li><span style=\"color: rgb(68, 68, 68);\">intentar descompilar o realizar ingenier\u00eda inversa en cualquier software contenido en el sitio web de Loja Amigo do Mumu;&nbsp;<\/span><\/li><li><span style=\"color: rgb(68, 68, 68);\">eliminar de los materiales cualquier menci\u00f3n de derechos de autor u otros derechos de propiedad; o&nbsp;<\/span><\/li><li><span style=\"color: rgb(68, 68, 68);\">transferir los materiales a otra persona o \u00abreflejar\u00bb los materiales en cualquier otro servidor.<\/span><\/li><\/ol><p><span style=\"color: rgb(68, 68, 68);\">Esta licencia terminar\u00e1 autom\u00e1ticamente si violas cualquiera de estas restricciones y puede ser terminada por Loja Amigo do Mumu en cualquier momento. Al dejar de ver estos materiales o al finalizar esta licencia, deber\u00e1s eliminar todos los materiales descargados que est\u00e9n en tu posesi\u00f3n, ya sea en formato electr\u00f3nico o impreso. <\/span><\/p><h2><span style=\"color: rgb(68, 68, 68);\">3. Descargo de responsabilidad<\/span><\/h2><ol><li><span style=\"color: rgb(68, 68, 68);\">Los materiales del sitio web de Loja Amigo do Mumu se proporcionan \u00abtal cual\u00bb. Loja Amigo do Mumu no ofrece ninguna garant\u00eda, expresa o impl\u00edcita, y por la presente renuncia y niega cualquier otra garant\u00eda, incluyendo, sin limitaci\u00f3n, las garant\u00edas o condiciones impl\u00edcitas de comerciabilidad, idoneidad para un fin determinado, o no infracci\u00f3n de la propiedad intelectual o cualquier otra violaci\u00f3n de los derechos. <\/span><\/li><li><span style=\"color: rgb(68, 68, 68);\">Adem\u00e1s, Loja Amigo do Mumu no garantiza ni hace ninguna declaraci\u00f3n relativa a la exactitud, los resultados probables o la fiabilidad del uso de los materiales en su sitio web de Internet o de otro tipo relativa a dichos materiales o en cualquier sitio vinculado a este sitio.<\/span><\/li><\/ol><h2><span style=\"color: rgb(68, 68, 68);\">4. Limitaciones<\/span><\/h2><p><span style=\"color: rgb(68, 68, 68);\">En ning\u00fan caso Loja Amigo do Mumu o sus proveedores ser\u00e1n responsables de ning\u00fan da\u00f1o (incluidos, sin limitaci\u00f3n, los da\u00f1os por p\u00e9rdida de datos o beneficios, o debidos a la interrupci\u00f3n de la actividad empresarial) que surja del uso o la imposibilidad de usar los materiales de Loja Amigo do Mumu, incluso si Loja Amigo do Mumu o un representante autorizado de Loja Amigo do Mumu ha sido notificado oralmente o por escrito de la posibilidad de tales da\u00f1os. Debido a que algunas jurisdicciones no permiten limitaciones en las garant\u00edas impl\u00edcitas, o limitaciones de responsabilidad por da\u00f1os consecuenciales o incidentales, estas limitaciones pueden no aplicarse en tu caso. <\/span><\/p><h2><span style=\"color: rgb(68, 68, 68);\">5. Exactitud de los materiales<\/span><\/h2><p><span style=\"color: rgb(68, 68, 68);\">Los materiales que aparecen en el sitio web de Loja Amigo do Mumu podr\u00edan incluir errores t\u00e9cnicos, tipogr\u00e1ficos o fotogr\u00e1ficos. Loja Amigo do Mumu no garantiza que ninguno de los materiales de su sitio web sea preciso, completo o actual. Loja Amigo do Mumu puede hacer cambios en los materiales contenidos en su sitio web en cualquier momento sin previo aviso. Sin embargo, Loja Amigo do Mumu no se compromete a actualizar los materiales.   <\/span><\/p><h2><span style=\"color: rgb(68, 68, 68);\">6. Enlaces<\/span><\/h2><p><span style=\"color: rgb(68, 68, 68);\">Loja Amigo do Mumu no ha analizado todos los sitios vinculados a su sitio web y no es responsable del contenido de ninguno de dichos sitios vinculados. La inclusi\u00f3n de cualquier enlace no implica la aprobaci\u00f3n del sitio por parte de Loja Amigo do Mumu. El uso de cualquier sitio enlazado corre por cuenta y riesgo del usuario.  <\/span><\/p><p><br><\/p><h3><span style=\"color: rgb(68, 68, 68);\">Modificaciones<\/span><\/h3><p><span style=\"color: rgb(68, 68, 68);\">Loja Amigo do Mumu puede revisar estas condiciones de servicio en cualquier momento y sin previo aviso. Al utilizar este sitio, aceptas estar sujeto a la versi\u00f3n actual de estas condiciones de servicio. <\/span><\/p><h3><span style=\"color: rgb(68, 68, 68);\">Legislaci\u00f3n aplicable<\/span><\/h3><p><span style=\"color: rgb(68, 68, 68);\">Estos t\u00e9rminos y condiciones se rigen e interpretan de acuerdo con las leyes de Loja Amigo do Mumu y te sometes irrevocablemente a la jurisdicci\u00f3n exclusiva de los tribunales de dicho estado o localidad.<\/span><\/p>\t\t\t\t\t\t\t\t<\/div>\n\t\t\t\t<\/div>\n\t\t\t\t\t<\/div>\n\t\t\t\t<\/div>\n\t\t\t\t<\/div>\n\t\t","protected":false},"excerpt":{"rendered":"<p>1. condiciones Al acceder al sitio web de Loja Amigo do Mumu, aceptas estar sujeto a estas condiciones de servicio, a todas las leyes y reglamentos aplicables, y aceptas que eres responsable del cumplimiento de cualquier ley local aplicable. Si no aceptas alguno de estos t\u00e9rminos, se te proh\u00edbe utilizar o acceder a este sitio. [&hellip;]<\/p>\n","protected":false},"author":1,"featured_media":0,"parent":0,"menu_order":0,"comment_status":"closed","ping_status":"closed","template":"elementor_header_footer","meta":{"footnotes":""},"class_list":["post-2107","page","type-page","status-publish","hentry"],"_hostinger_reach_plugin_has_subscription_block":false,"_hostinger_reach_plugin_is_elementor":false,"jetpack_sharing_enabled":true,"_links":{"self":[{"href":"https:\/\/loja.amigomumu.com\/es\/wp-json\/wp\/v2\/pages\/2107","targetHints":{"allow":["GET"]}}],"collection":[{"href":"https:\/\/loja.amigomumu.com\/es\/wp-json\/wp\/v2\/pages"}],"about":[{"href":"https:\/\/loja.amigomumu.com\/es\/wp-json\/wp\/v2\/types\/page"}],"author":[{"embeddable":true,"href":"https:\/\/loja.amigomumu.com\/es\/wp-json\/wp\/v2\/users\/1"}],"replies":[{"embeddable":true,"href":"https:\/\/loja.amigomumu.com\/es\/wp-json\/wp\/v2\/comments?post=2107"}],"version-history":[{"count":1,"href":"https:\/\/loja.amigomumu.com\/es\/wp-json\/wp\/v2\/pages\/2107\/revisions"}],"predecessor-version":[{"id":2108,"href":"https:\/\/loja.amigomumu.com\/es\/wp-json\/wp\/v2\/pages\/2107\/revisions\/2108"}],"wp:attachment":[{"href":"https:\/\/loja.amigomumu.com\/es\/wp-json\/wp\/v2\/media?parent=2107"}],"curies":[{"name":"wp","href":"https:\/\/api.w.org\/{rel}","templated":true}]}}