{"id":2346,"date":"2025-04-23T09:47:54","date_gmt":"2025-04-23T12:47:54","guid":{"rendered":"https:\/\/loja.amigomumu.com\/?post_type=product&#038;p=2346"},"modified":"2025-04-24T09:55:08","modified_gmt":"2025-04-24T12:55:08","slug":"sentimientos-y-emociones-actividad-interactiva","status":"publish","type":"product","link":"https:\/\/loja.amigomumu.com\/es\/producto\/sentimientos-y-emociones-actividad-interactiva\/","title":{"rendered":"Sentimientos y emociones (Actividad interactiva)"},"content":{"rendered":"<p class=\"\" data-start=\"0\" data-end=\"58\"><strong data-start=\"0\" data-end=\"58\">Feelings and Emotions \u2013 Actividad de Ingl\u00e9s para Ni\u00f1os<\/strong><\/p>\n<p class=\"\" data-start=\"60\" data-end=\"358\">\u00a1Aprender sobre sentimientos y emociones en ingl\u00e9s es mucho m\u00e1s divertido con esta actividad interactiva!<br data-start=\"165\" data-end=\"168\" \/>Los ni\u00f1os recortar\u00e1n, pegar\u00e1n y colorear\u00e1n caritas que representan diferentes emociones, como happy, sad, angry y surprised, mientras aprenden el vocabulario de una manera pr\u00e1ctica y visual.<\/p>\n<p class=\"\" data-start=\"360\" data-end=\"407\">El material est\u00e1 disponible en dos versiones:<\/p>\n<p class=\"\" data-start=\"410\" data-end=\"452\"><strong data-start=\"410\" data-end=\"421\">\u2714\ufe0f A color<\/strong> \u2013 listo para imprimir y usar<\/p>\n<p class=\"\" data-start=\"455\" data-end=\"518\"><strong data-start=\"455\" data-end=\"476\">\u2714\ufe0f En blanco y negro<\/strong> \u2013 para que el ni\u00f1o lo coloree como quiera<\/p>\n<p class=\"\" data-start=\"520\" data-end=\"601\">Ideal para grupos de educaci\u00f3n infantil y primeros a\u00f1os de la educaci\u00f3n primaria.<\/p>\n<p class=\"\" data-start=\"603\" data-end=\"667\">\u00a1Descarga el PDF y lleva m\u00e1s expresi\u00f3n y aprendizaje a tu clase!<\/p>\n","protected":false},"excerpt":{"rendered":"<p><strong data-start=\"0\" data-end=\"47\" data-is-only-node=\"\">Feelings and Emotions \u2013 Actividad de Ingl\u00e9s<\/strong><br data-start=\"47\" data-end=\"50\" \/>\u00a1Actividad divertida para aprender los sentimientos y emociones en ingl\u00e9s! Los ni\u00f1os recortar\u00e1n, pegar\u00e1n y colorear\u00e1n caritas con diferentes emociones. Disponible en PDF a color y en blanco y negro. Ideal para educaci\u00f3n infantil y primeros a\u00f1os.<\/p>\n","protected":false},"featured_media":2296,"comment_status":"open","ping_status":"closed","template":"","meta":[],"product_brand":[],"product_cat":[],"product_tag":[109,70,69,110],"class_list":{"0":"post-2346","1":"product","2":"type-product","3":"status-publish","4":"has-post-thumbnail","6":"product_tag-emociones","7":"product_tag-emotions","8":"product_tag-feelings","9":"product_tag-sentimientos","11":"first","12":"instock","13":"downloadable","14":"virtual","15":"sold-individually","16":"taxable","17":"purchasable","18":"product-type-simple"},"jetpack_sharing_enabled":true,"_links":{"self":[{"href":"https:\/\/loja.amigomumu.com\/es\/wp-json\/wp\/v2\/product\/2346","targetHints":{"allow":["GET"]}}],"collection":[{"href":"https:\/\/loja.amigomumu.com\/es\/wp-json\/wp\/v2\/product"}],"about":[{"href":"https:\/\/loja.amigomumu.com\/es\/wp-json\/wp\/v2\/types\/product"}],"replies":[{"embeddable":true,"href":"https:\/\/loja.amigomumu.com\/es\/wp-json\/wp\/v2\/comments?post=2346"}],"wp:featuredmedia":[{"embeddable":true,"href":"https:\/\/loja.amigomumu.com\/es\/wp-json\/wp\/v2\/media\/2296"}],"wp:attachment":[{"href":"https:\/\/loja.amigomumu.com\/es\/wp-json\/wp\/v2\/media?parent=2346"}],"wp:term":[{"taxonomy":"product_brand","embeddable":true,"href":"https:\/\/loja.amigomumu.com\/es\/wp-json\/wp\/v2\/product_brand?post=2346"},{"taxonomy":"product_cat","embeddable":true,"href":"https:\/\/loja.amigomumu.com\/es\/wp-json\/wp\/v2\/product_cat?post=2346"},{"taxonomy":"product_tag","embeddable":true,"href":"https:\/\/loja.amigomumu.com\/es\/wp-json\/wp\/v2\/product_tag?post=2346"}],"curies":[{"name":"wp","href":"https:\/\/api.w.org\/{rel}","templated":true}]}}