{"id":2359,"date":"2025-04-23T13:08:21","date_gmt":"2025-04-23T16:08:21","guid":{"rendered":"https:\/\/loja.amigomumu.com\/?post_type=product&#038;p=2359"},"modified":"2025-04-24T09:54:12","modified_gmt":"2025-04-24T12:54:12","slug":"adjetivos-en-ingles-actividad-interactiva","status":"publish","type":"product","link":"https:\/\/loja.amigomumu.com\/es\/producto\/adjetivos-en-ingles-actividad-interactiva\/","title":{"rendered":"Adjetivos en ingl\u00e9s (Actividad interactiva)"},"content":{"rendered":"<p class=\"\" data-start=\"51\" data-end=\"98\"><strong data-start=\"51\" data-end=\"98\">Adjectives in English \u2013 Adjetivos en ingl\u00e9s<\/strong><\/p>\n<p class=\"\" data-start=\"100\" data-end=\"172\">\u00a1Vamos a aprender los adjetivos en ingl\u00e9s de forma divertida y creativa!<\/p>\n<p class=\"\" data-start=\"174\" data-end=\"485\">En esta actividad interactiva, los ni\u00f1os armar\u00e1n el vestido de un personaje encantador mientras aprenden y practican adjetivos en ingl\u00e9s, como <em data-start=\"317\" data-end=\"325\">pretty<\/em>, <em data-start=\"327\" data-end=\"333\">long<\/em>, <em data-start=\"335\" data-end=\"342\">green<\/em>, <em data-start=\"344\" data-end=\"352\">dotted<\/em>, <em data-start=\"354\" data-end=\"365\">beautiful<\/em>, entre otros. Cada parte del vestido contiene palabras diferentes que describen apariencia, tama\u00f1o, colores y texturas.<\/p>\n<p class=\"\" data-start=\"487\" data-end=\"506\"><strong data-start=\"487\" data-end=\"506\">\u00bfC\u00f3mo funciona?<\/strong><\/p>\n<ul data-start=\"508\" data-end=\"777\">\n<li class=\"\" data-start=\"508\" data-end=\"586\">\n<p class=\"\" data-start=\"510\" data-end=\"586\">Recorta las piezas del vestido (A, B y C) y \u00e1rmalo seg\u00fan las indicaciones.<\/p>\n<\/li>\n<li class=\"\" data-start=\"587\" data-end=\"671\">\n<p class=\"\" data-start=\"589\" data-end=\"671\">Recorta los c\u00edrculos con los adjetivos y p\u00e9galos sobre el vestido del personaje.<\/p>\n<\/li>\n<li class=\"\" data-start=\"672\" data-end=\"777\">\n<p class=\"\" data-start=\"674\" data-end=\"777\">Usa velcro para hacer la actividad reutilizable y permitir que los ni\u00f1os combinen diferentes adjetivos.<\/p>\n<\/li>\n<\/ul>\n<p class=\"\" data-start=\"779\" data-end=\"799\"><strong data-start=\"779\" data-end=\"799\">\u00bfQu\u00e9 desarrolla?<\/strong><\/p>\n<ul data-start=\"801\" data-end=\"941\">\n<li class=\"\" data-start=\"801\" data-end=\"838\">\n<p class=\"\" data-start=\"803\" data-end=\"838\">Vocabulario en ingl\u00e9s (adjetivos)<\/p>\n<\/li>\n<li class=\"\" data-start=\"839\" data-end=\"867\">\n<p class=\"\" data-start=\"841\" data-end=\"867\">Coordinaci\u00f3n motora fina<\/p>\n<\/li>\n<li class=\"\" data-start=\"868\" data-end=\"915\">\n<p class=\"\" data-start=\"870\" data-end=\"915\">Comprensi\u00f3n visual y asociaci\u00f3n de palabras<\/p>\n<\/li>\n<li class=\"\" data-start=\"916\" data-end=\"941\">\n<p class=\"\" data-start=\"918\" data-end=\"941\">Creatividad y expresi\u00f3n<\/p>\n<\/li>\n<\/ul>\n<p class=\"\" data-start=\"943\" data-end=\"1012\"><strong data-start=\"943\" data-end=\"964\">Recomendado para:<\/strong> educaci\u00f3n infantil y primeros a\u00f1os de primaria.<\/p>\n<p class=\"\" data-start=\"1014\" data-end=\"1045\"><strong data-start=\"1014\" data-end=\"1045\" data-is-last-node=\"\">Material disponible en PDF.<\/strong><\/p>\n","protected":false},"excerpt":{"rendered":"<p class=\"\" data-start=\"67\" data-end=\"114\"><strong data-start=\"67\" data-end=\"114\">Adjectives in English \u2013 Adjetivos en ingl\u00e9s<\/strong><\/p>\n<p class=\"\" data-start=\"116\" data-end=\"402\">Los ni\u00f1os armar\u00e1n un vestido colorido para el personaje mientras aprenden adjetivos en ingl\u00e9s, como <em data-start=\"216\" data-end=\"224\">pretty<\/em>, <em data-start=\"226\" data-end=\"232\">long<\/em> y <em data-start=\"235\" data-end=\"242\">green<\/em>. La actividad incluye recortar, pegar y jugar con palabras que describen apariencia, tama\u00f1o y color. Ideal para educaci\u00f3n infantil y primeros a\u00f1os de primaria.<\/p>\n","protected":false},"featured_media":2355,"comment_status":"open","ping_status":"closed","template":"","meta":[],"product_brand":[],"product_cat":[47,84],"product_tag":[92,91,94],"class_list":{"0":"post-2359","1":"product","2":"type-product","3":"status-publish","4":"has-post-thumbnail","6":"product_cat-ingles","7":"product_cat-actividades-de-ingles-recortar-y-pegar","8":"product_tag-adjectives","9":"product_tag-adjetivos","10":"product_tag-vestido","12":"first","13":"instock","14":"downloadable","15":"virtual","16":"sold-individually","17":"taxable","18":"purchasable","19":"product-type-simple"},"jetpack_sharing_enabled":true,"_links":{"self":[{"href":"https:\/\/loja.amigomumu.com\/es\/wp-json\/wp\/v2\/product\/2359","targetHints":{"allow":["GET"]}}],"collection":[{"href":"https:\/\/loja.amigomumu.com\/es\/wp-json\/wp\/v2\/product"}],"about":[{"href":"https:\/\/loja.amigomumu.com\/es\/wp-json\/wp\/v2\/types\/product"}],"replies":[{"embeddable":true,"href":"https:\/\/loja.amigomumu.com\/es\/wp-json\/wp\/v2\/comments?post=2359"}],"wp:featuredmedia":[{"embeddable":true,"href":"https:\/\/loja.amigomumu.com\/es\/wp-json\/wp\/v2\/media\/2355"}],"wp:attachment":[{"href":"https:\/\/loja.amigomumu.com\/es\/wp-json\/wp\/v2\/media?parent=2359"}],"wp:term":[{"taxonomy":"product_brand","embeddable":true,"href":"https:\/\/loja.amigomumu.com\/es\/wp-json\/wp\/v2\/product_brand?post=2359"},{"taxonomy":"product_cat","embeddable":true,"href":"https:\/\/loja.amigomumu.com\/es\/wp-json\/wp\/v2\/product_cat?post=2359"},{"taxonomy":"product_tag","embeddable":true,"href":"https:\/\/loja.amigomumu.com\/es\/wp-json\/wp\/v2\/product_tag?post=2359"}],"curies":[{"name":"wp","href":"https:\/\/api.w.org\/{rel}","templated":true}]}}