{"id":2375,"date":"2025-04-23T14:16:50","date_gmt":"2025-04-23T17:16:50","guid":{"rendered":"https:\/\/loja.amigomumu.com\/?post_type=product&#038;p=2375"},"modified":"2025-04-24T09:55:42","modified_gmt":"2025-04-24T12:55:42","slug":"aprender-los-colores-en-ingles-actividad-interactiva","status":"publish","type":"product","link":"https:\/\/loja.amigomumu.com\/es\/producto\/aprender-los-colores-en-ingles-actividad-interactiva\/","title":{"rendered":"Aprender los Colores en Ingl\u00e9s (Actividad interactiva)"},"content":{"rendered":"<p class=\"\" data-start=\"0\" data-end=\"77\"><strong data-start=\"0\" data-end=\"77\">Aprender los Colores en Ingl\u00e9s \u2013 Actividad Educativa con Vasos Giratorios<\/strong><\/p>\n<p class=\"\" data-start=\"79\" data-end=\"350\">En esta actividad divertida e interactiva, \u00a1los ni\u00f1os aprender\u00e1n los colores en ingl\u00e9s mientras se divierten cambiando el vestido de la mu\u00f1equita! El material incluye piezas para recortar y armar vasos de papel que, al girarse, cambian el color del vestido del personaje.<\/p>\n<p class=\"\" data-start=\"352\" data-end=\"661\">Durante el juego, los peque\u00f1os explorar\u00e1n y practicar\u00e1n el vocabulario de los colores en ingl\u00e9s \u2014como <em data-start=\"454\" data-end=\"459\">red<\/em>, <em data-start=\"461\" data-end=\"467\">blue<\/em>, <em data-start=\"469\" data-end=\"476\">green<\/em>, <em data-start=\"478\" data-end=\"484\">pink<\/em>, entre otros\u2014 de forma l\u00fadica y pr\u00e1ctica. La actividad estimula la coordinaci\u00f3n motriz fina, el reconocimiento visual de colores y el desarrollo del vocabulario en otro idioma.<\/p>\n<p class=\"\" data-start=\"663\" data-end=\"850\">Ideal para la educaci\u00f3n infantil y los primeros a\u00f1os escolares, es un recurso excelente para docentes y padres que desean hacer que el aprendizaje del ingl\u00e9s sea m\u00e1s din\u00e1mico y atractivo.<\/p>\n","protected":false},"excerpt":{"rendered":"<p><strong data-start=\"0\" data-end=\"60\" data-is-only-node=\"\">\u00a1Aprendiendo los Colores en Ingl\u00e9s con Vasos Giratorios!<\/strong><br data-start=\"60\" data-end=\"63\" \/>Una actividad divertida e interactiva en la que los ni\u00f1os aprenden los colores en ingl\u00e9s cambiando el vestido de la mu\u00f1equita al girar el vaso. \u00a1Ideal para trabajar el vocabulario, la coordinaci\u00f3n motriz y la percepci\u00f3n visual de manera l\u00fadica!<\/p>\n","protected":false},"featured_media":2365,"comment_status":"open","ping_status":"closed","template":"","meta":[],"product_brand":[],"product_cat":[47,44,84],"product_tag":[102,103,100,104,99,87,101],"class_list":{"0":"post-2375","1":"product","2":"type-product","3":"status-publish","4":"has-post-thumbnail","6":"product_cat-ingles","7":"product_cat-actividades-de-ingles","8":"product_cat-actividades-de-ingles-recortar-y-pegar","9":"product_tag-colores","10":"product_tag-colors-es","11":"product_tag-cup","12":"product_tag-ingles-es","13":"product_tag-pegar","14":"product_tag-recortar","15":"product_tag-vaso","17":"first","18":"instock","19":"downloadable","20":"virtual","21":"sold-individually","22":"taxable","23":"purchasable","24":"product-type-simple"},"jetpack_sharing_enabled":true,"_links":{"self":[{"href":"https:\/\/loja.amigomumu.com\/es\/wp-json\/wp\/v2\/product\/2375","targetHints":{"allow":["GET"]}}],"collection":[{"href":"https:\/\/loja.amigomumu.com\/es\/wp-json\/wp\/v2\/product"}],"about":[{"href":"https:\/\/loja.amigomumu.com\/es\/wp-json\/wp\/v2\/types\/product"}],"replies":[{"embeddable":true,"href":"https:\/\/loja.amigomumu.com\/es\/wp-json\/wp\/v2\/comments?post=2375"}],"wp:featuredmedia":[{"embeddable":true,"href":"https:\/\/loja.amigomumu.com\/es\/wp-json\/wp\/v2\/media\/2365"}],"wp:attachment":[{"href":"https:\/\/loja.amigomumu.com\/es\/wp-json\/wp\/v2\/media?parent=2375"}],"wp:term":[{"taxonomy":"product_brand","embeddable":true,"href":"https:\/\/loja.amigomumu.com\/es\/wp-json\/wp\/v2\/product_brand?post=2375"},{"taxonomy":"product_cat","embeddable":true,"href":"https:\/\/loja.amigomumu.com\/es\/wp-json\/wp\/v2\/product_cat?post=2375"},{"taxonomy":"product_tag","embeddable":true,"href":"https:\/\/loja.amigomumu.com\/es\/wp-json\/wp\/v2\/product_tag?post=2375"}],"curies":[{"name":"wp","href":"https:\/\/api.w.org\/{rel}","templated":true}]}}